{"id":19848,"date":"2020-09-05T00:09:11","date_gmt":"2020-09-05T00:09:11","guid":{"rendered":"https:\/\/hammarstromagency.com\/om-oss\/"},"modified":"2022-03-16T09:49:40","modified_gmt":"2022-03-16T09:49:40","slug":"om-oss","status":"publish","type":"page","link":"https:\/\/hammarstromagency.com\/sv\/om-oss\/","title":{"rendered":"Om oss"},"content":{"rendered":"\n<p class=\"has-text-align-left\">&#8221;Vi kan erbjuda dig ett paket med olika tj\u00e4nster som i slut\u00e4ndan blir ett resultat av mindre administration, mindre logistik och mer tid att fokusera p\u00e5 kreativitet!&#8221; <\/p>\n\n<p class=\"has-text-align-left\">1992 startade jag Voice Professional i Stockholm AB och jag har under mina 30 \u00e5r representerat r\u00f6sttalanger v\u00e4rlden \u00f6ver.<\/p>\n\n<p class=\"has-text-align-left\">V\u00e5ra kunder \u00e4r v\u00e4lk\u00e4nda varum\u00e4rken och m\u00e5nga kunder har vi haft en l\u00e5ngvarig relation med.<\/p>\n\n<p class=\"has-text-align-left\">Sedan 2015 representerar jag \u00e4ven sk\u00e5despelare, andra talanger och filmarbetare.<\/p>\n\n<p class=\"has-text-align-left\">Vi \u00e4lskar att se deras passion att vara med i en produktion!<\/p>\n\n<p><\/p>\n\n<p><strong><em> &#8221;In medias res \u2013 i mitten av en h\u00e4ndelse&#8221; <\/em><\/strong><\/p>\n\n<div style=\"height:73px\" aria-hidden=\"true\" class=\"wp-block-spacer\"><\/div>\n\n<figure class=\"wp-block-image size-large\"><img loading=\"lazy\" decoding=\"async\" width=\"600\" height=\"600\" src=\"https:\/\/hammarstromagency.com\/wp-content\/uploads\/2021\/02\/Fia-H.jpg\" alt=\"\" class=\"wp-image-7593\" srcset=\"https:\/\/hammarstromagency.com\/wp-content\/uploads\/2021\/02\/Fia-H.jpg 600w, https:\/\/hammarstromagency.com\/wp-content\/uploads\/2021\/02\/Fia-H-300x300.jpg 300w, https:\/\/hammarstromagency.com\/wp-content\/uploads\/2021\/02\/Fia-H-282x282.jpg 282w, https:\/\/hammarstromagency.com\/wp-content\/uploads\/2021\/02\/Fia-H-168x168.jpg 168w\" sizes=\"auto, (max-width: 600px) 100vw, 600px\" \/><figcaption><strong>Grundare 1992<\/strong> Fia Hammarstr\u00f6m <\/figcaption><\/figure>\n\n<p><\/p>\n","protected":false},"excerpt":{"rendered":"<p>&#8221;Vi kan erbjuda dig ett paket med olika tj\u00e4nster som i slut\u00e4ndan blir ett resultat av mindre administration, mindre logistik och mer tid att fokusera p\u00e5 kreativitet!&#8221; 1992 startade jag Voice Professional i Stockholm AB och jag har under mina 30 \u00e5r representerat r\u00f6sttalanger v\u00e4rlden \u00f6ver. V\u00e5ra kunder \u00e4r v\u00e4lk\u00e4nda varum\u00e4rken och m\u00e5nga kunder har [&hellip;]<\/p>\n","protected":false},"author":60,"featured_media":0,"parent":0,"menu_order":0,"comment_status":"closed","ping_status":"closed","template":"","meta":{"_acf_changed":false,"footnotes":""},"class_list":["post-19848","page","type-page","status-publish","hentry"],"acf":[],"yoast_head":"<!-- This site is optimized with the Yoast SEO plugin v27.5 - https:\/\/yoast.com\/product\/yoast-seo-wordpress\/ -->\n<title>Om oss - Hammarstrom agency<\/title>\n<meta name=\"robots\" content=\"index, follow, max-snippet:-1, max-image-preview:large, max-video-preview:-1\" \/>\n<link rel=\"canonical\" href=\"https:\/\/hammarstromagency.com\/sv\/om-oss\/\" \/>\n<meta property=\"og:locale\" content=\"sv_SE\" \/>\n<meta property=\"og:type\" content=\"article\" \/>\n<meta property=\"og:title\" content=\"Om oss - Hammarstrom agency\" \/>\n<meta property=\"og:description\" content=\"&#8221;Vi kan erbjuda dig ett paket med olika tj\u00e4nster som i slut\u00e4ndan blir ett resultat av mindre administration, mindre logistik och mer tid att fokusera p\u00e5 kreativitet!&#8221; 1992 startade jag Voice Professional i Stockholm AB och jag har under mina 30 \u00e5r representerat r\u00f6sttalanger v\u00e4rlden \u00f6ver. V\u00e5ra kunder \u00e4r v\u00e4lk\u00e4nda varum\u00e4rken och m\u00e5nga kunder har [&hellip;]\" \/>\n<meta property=\"og:url\" content=\"https:\/\/hammarstromagency.com\/sv\/om-oss\/\" \/>\n<meta property=\"og:site_name\" content=\"Hammarstrom agency\" \/>\n<meta property=\"article:publisher\" content=\"https:\/\/www.facebook.com\/Hammarstromagency\" \/>\n<meta property=\"article:modified_time\" content=\"2022-03-16T09:49:40+00:00\" \/>\n<meta property=\"og:image\" content=\"https:\/\/hammarstromagency.com\/wp-content\/uploads\/2021\/02\/Fia-H.jpg\" \/>\n<meta name=\"twitter:card\" content=\"summary_large_image\" \/>\n<meta name=\"twitter:label1\" content=\"Ber\u00e4knad l\u00e4stid\" \/>\n\t<meta name=\"twitter:data1\" content=\"1 minut\" \/>\n<script type=\"application\/ld+json\" class=\"yoast-schema-graph\">{\"@context\":\"https:\\\/\\\/schema.org\",\"@graph\":[{\"@type\":\"WebPage\",\"@id\":\"https:\\\/\\\/hammarstromagency.com\\\/sv\\\/om-oss\\\/\",\"url\":\"https:\\\/\\\/hammarstromagency.com\\\/sv\\\/om-oss\\\/\",\"name\":\"Om oss - Hammarstrom agency\",\"isPartOf\":{\"@id\":\"https:\\\/\\\/hammarstromagency.com\\\/#website\"},\"primaryImageOfPage\":{\"@id\":\"https:\\\/\\\/hammarstromagency.com\\\/sv\\\/om-oss\\\/#primaryimage\"},\"image\":{\"@id\":\"https:\\\/\\\/hammarstromagency.com\\\/sv\\\/om-oss\\\/#primaryimage\"},\"thumbnailUrl\":\"https:\\\/\\\/hammarstromagency.com\\\/wp-content\\\/uploads\\\/2021\\\/02\\\/Fia-H.jpg\",\"datePublished\":\"2020-09-05T00:09:11+00:00\",\"dateModified\":\"2022-03-16T09:49:40+00:00\",\"breadcrumb\":{\"@id\":\"https:\\\/\\\/hammarstromagency.com\\\/sv\\\/om-oss\\\/#breadcrumb\"},\"inLanguage\":\"sv-SE\",\"potentialAction\":[{\"@type\":\"ReadAction\",\"target\":[\"https:\\\/\\\/hammarstromagency.com\\\/sv\\\/om-oss\\\/\"]}]},{\"@type\":\"ImageObject\",\"inLanguage\":\"sv-SE\",\"@id\":\"https:\\\/\\\/hammarstromagency.com\\\/sv\\\/om-oss\\\/#primaryimage\",\"url\":\"https:\\\/\\\/hammarstromagency.com\\\/wp-content\\\/uploads\\\/2021\\\/02\\\/Fia-H.jpg\",\"contentUrl\":\"https:\\\/\\\/hammarstromagency.com\\\/wp-content\\\/uploads\\\/2021\\\/02\\\/Fia-H.jpg\"},{\"@type\":\"BreadcrumbList\",\"@id\":\"https:\\\/\\\/hammarstromagency.com\\\/sv\\\/om-oss\\\/#breadcrumb\",\"itemListElement\":[{\"@type\":\"ListItem\",\"position\":1,\"name\":\"Hem\",\"item\":\"https:\\\/\\\/hammarstromagency.com\\\/sv\\\/\"},{\"@type\":\"ListItem\",\"position\":2,\"name\":\"Om oss\"}]},{\"@type\":\"WebSite\",\"@id\":\"https:\\\/\\\/hammarstromagency.com\\\/#website\",\"url\":\"https:\\\/\\\/hammarstromagency.com\\\/\",\"name\":\"Hammarstrom agency\",\"description\":\"Hammarstrom agency\",\"publisher\":{\"@id\":\"https:\\\/\\\/hammarstromagency.com\\\/#organization\"},\"potentialAction\":[{\"@type\":\"SearchAction\",\"target\":{\"@type\":\"EntryPoint\",\"urlTemplate\":\"https:\\\/\\\/hammarstromagency.com\\\/?s={search_term_string}\"},\"query-input\":{\"@type\":\"PropertyValueSpecification\",\"valueRequired\":true,\"valueName\":\"search_term_string\"}}],\"inLanguage\":\"sv-SE\"},{\"@type\":\"Organization\",\"@id\":\"https:\\\/\\\/hammarstromagency.com\\\/#organization\",\"name\":\"Hammarstrom agency\",\"url\":\"https:\\\/\\\/hammarstromagency.com\\\/\",\"logo\":{\"@type\":\"ImageObject\",\"inLanguage\":\"sv-SE\",\"@id\":\"https:\\\/\\\/hammarstromagency.com\\\/#\\\/schema\\\/logo\\\/image\\\/\",\"url\":\"https:\\\/\\\/hammarstromagency.com\\\/wp-content\\\/uploads\\\/2020\\\/09\\\/ha-logo-black-gold-1.svg\",\"contentUrl\":\"https:\\\/\\\/hammarstromagency.com\\\/wp-content\\\/uploads\\\/2020\\\/09\\\/ha-logo-black-gold-1.svg\",\"width\":659,\"height\":137,\"caption\":\"Hammarstrom agency\"},\"image\":{\"@id\":\"https:\\\/\\\/hammarstromagency.com\\\/#\\\/schema\\\/logo\\\/image\\\/\"},\"sameAs\":[\"https:\\\/\\\/www.facebook.com\\\/Hammarstromagency\"]}]}<\/script>\n<!-- \/ Yoast SEO plugin. -->","yoast_head_json":{"title":"Om oss - Hammarstrom agency","robots":{"index":"index","follow":"follow","max-snippet":"max-snippet:-1","max-image-preview":"max-image-preview:large","max-video-preview":"max-video-preview:-1"},"canonical":"https:\/\/hammarstromagency.com\/sv\/om-oss\/","og_locale":"sv_SE","og_type":"article","og_title":"Om oss - Hammarstrom agency","og_description":"&#8221;Vi kan erbjuda dig ett paket med olika tj\u00e4nster som i slut\u00e4ndan blir ett resultat av mindre administration, mindre logistik och mer tid att fokusera p\u00e5 kreativitet!&#8221; 1992 startade jag Voice Professional i Stockholm AB och jag har under mina 30 \u00e5r representerat r\u00f6sttalanger v\u00e4rlden \u00f6ver. V\u00e5ra kunder \u00e4r v\u00e4lk\u00e4nda varum\u00e4rken och m\u00e5nga kunder har [&hellip;]","og_url":"https:\/\/hammarstromagency.com\/sv\/om-oss\/","og_site_name":"Hammarstrom agency","article_publisher":"https:\/\/www.facebook.com\/Hammarstromagency","article_modified_time":"2022-03-16T09:49:40+00:00","og_image":[{"url":"https:\/\/hammarstromagency.com\/wp-content\/uploads\/2021\/02\/Fia-H.jpg","type":"","width":"","height":""}],"twitter_card":"summary_large_image","twitter_misc":{"Ber\u00e4knad l\u00e4stid":"1 minut"},"schema":{"@context":"https:\/\/schema.org","@graph":[{"@type":"WebPage","@id":"https:\/\/hammarstromagency.com\/sv\/om-oss\/","url":"https:\/\/hammarstromagency.com\/sv\/om-oss\/","name":"Om oss - Hammarstrom agency","isPartOf":{"@id":"https:\/\/hammarstromagency.com\/#website"},"primaryImageOfPage":{"@id":"https:\/\/hammarstromagency.com\/sv\/om-oss\/#primaryimage"},"image":{"@id":"https:\/\/hammarstromagency.com\/sv\/om-oss\/#primaryimage"},"thumbnailUrl":"https:\/\/hammarstromagency.com\/wp-content\/uploads\/2021\/02\/Fia-H.jpg","datePublished":"2020-09-05T00:09:11+00:00","dateModified":"2022-03-16T09:49:40+00:00","breadcrumb":{"@id":"https:\/\/hammarstromagency.com\/sv\/om-oss\/#breadcrumb"},"inLanguage":"sv-SE","potentialAction":[{"@type":"ReadAction","target":["https:\/\/hammarstromagency.com\/sv\/om-oss\/"]}]},{"@type":"ImageObject","inLanguage":"sv-SE","@id":"https:\/\/hammarstromagency.com\/sv\/om-oss\/#primaryimage","url":"https:\/\/hammarstromagency.com\/wp-content\/uploads\/2021\/02\/Fia-H.jpg","contentUrl":"https:\/\/hammarstromagency.com\/wp-content\/uploads\/2021\/02\/Fia-H.jpg"},{"@type":"BreadcrumbList","@id":"https:\/\/hammarstromagency.com\/sv\/om-oss\/#breadcrumb","itemListElement":[{"@type":"ListItem","position":1,"name":"Hem","item":"https:\/\/hammarstromagency.com\/sv\/"},{"@type":"ListItem","position":2,"name":"Om oss"}]},{"@type":"WebSite","@id":"https:\/\/hammarstromagency.com\/#website","url":"https:\/\/hammarstromagency.com\/","name":"Hammarstrom agency","description":"Hammarstrom agency","publisher":{"@id":"https:\/\/hammarstromagency.com\/#organization"},"potentialAction":[{"@type":"SearchAction","target":{"@type":"EntryPoint","urlTemplate":"https:\/\/hammarstromagency.com\/?s={search_term_string}"},"query-input":{"@type":"PropertyValueSpecification","valueRequired":true,"valueName":"search_term_string"}}],"inLanguage":"sv-SE"},{"@type":"Organization","@id":"https:\/\/hammarstromagency.com\/#organization","name":"Hammarstrom agency","url":"https:\/\/hammarstromagency.com\/","logo":{"@type":"ImageObject","inLanguage":"sv-SE","@id":"https:\/\/hammarstromagency.com\/#\/schema\/logo\/image\/","url":"https:\/\/hammarstromagency.com\/wp-content\/uploads\/2020\/09\/ha-logo-black-gold-1.svg","contentUrl":"https:\/\/hammarstromagency.com\/wp-content\/uploads\/2020\/09\/ha-logo-black-gold-1.svg","width":659,"height":137,"caption":"Hammarstrom agency"},"image":{"@id":"https:\/\/hammarstromagency.com\/#\/schema\/logo\/image\/"},"sameAs":["https:\/\/www.facebook.com\/Hammarstromagency"]}]}},"_links":{"self":[{"href":"https:\/\/hammarstromagency.com\/sv\/wp-json\/wp\/v2\/pages\/19848","targetHints":{"allow":["GET"]}}],"collection":[{"href":"https:\/\/hammarstromagency.com\/sv\/wp-json\/wp\/v2\/pages"}],"about":[{"href":"https:\/\/hammarstromagency.com\/sv\/wp-json\/wp\/v2\/types\/page"}],"author":[{"embeddable":true,"href":"https:\/\/hammarstromagency.com\/sv\/wp-json\/wp\/v2\/users\/60"}],"replies":[{"embeddable":true,"href":"https:\/\/hammarstromagency.com\/sv\/wp-json\/wp\/v2\/comments?post=19848"}],"version-history":[{"count":0,"href":"https:\/\/hammarstromagency.com\/sv\/wp-json\/wp\/v2\/pages\/19848\/revisions"}],"wp:attachment":[{"href":"https:\/\/hammarstromagency.com\/sv\/wp-json\/wp\/v2\/media?parent=19848"}],"curies":[{"name":"wp","href":"https:\/\/api.w.org\/{rel}","templated":true}]}}