{"id":38990,"date":"2022-11-28T08:10:06","date_gmt":"2022-11-28T08:10:06","guid":{"rendered":"https:\/\/hammarstromagency.com\/?page_id=38990"},"modified":"2022-11-28T09:29:42","modified_gmt":"2022-11-28T09:29:42","slug":"skadespelaragentur","status":"publish","type":"page","link":"https:\/\/hammarstromagency.com\/sv\/skadespelaragentur\/","title":{"rendered":"Sk\u00e5despelaragentur"},"content":{"rendered":"\n<p>Att anlita r\u00e4tt sk\u00e5despelare till r\u00e4tt roll \u00e4r avg\u00f6rande f\u00f6r hela produktionens utfall. Bakom de b\u00e4sta filmproduktionerna ligger alltid ett gediget arbete med casting och gott samarbete mellan producenter, sk\u00e5despelare, agenturer och alla andra led i produktionen som helhet. Men hur hittar man r\u00e4tt sk\u00e5despelare? Hur kan man vara s\u00e4ker p\u00e5 att det blir bra? Vilka r\u00e4ttigheter och skyldigheter har ni som uppdragsgivare, och vad g\u00e4ller f\u00f6r sk\u00e5despelaren? Vilka priser g\u00e4ller och vilka avtal kr\u00e4vs? Alla dessa fr\u00e5gor f\u00e5r ni svar p\u00e5 av oss \u2013 och mer d\u00e4rtill. Vi har stor erfarenhet och fingertoppsk\u00e4nsla n\u00e4r det kommer till sk\u00e5despelare och filmproduktion.&nbsp;<\/p>\n\n\n\n<p>Hammarstr\u00f6m Agency representerar ett gediget utbud av sk\u00e5despelare och r\u00f6stsk\u00e5despelare och f\u00f6rmedlar deras tj\u00e4nster. Det r\u00f6r sig om professionella och utbildade sk\u00e5despelare med stor erfarenhet. Oavsett om ni beh\u00f6ver r\u00f6stsk\u00e5despelare till exempelvis dubbning av en reklamfilm, voice over till en dokument\u00e4rfilm eller en huvudrollsinnehavare till er l\u00e5ngfilm s\u00e5 erbjuder vi det ni s\u00f6ker.&nbsp;<\/p>\n\n\n\n<p>Har ni ett projekt som st\u00e5r i startgroparna eller en id\u00e9 som beh\u00f6ver konkretiseras? Vi hj\u00e4lper er. Kontakta oss s\u00e5 diskuterar vi tillsammans hur vi kan st\u00e5 till tj\u00e4nst som agentur, samt hur v\u00e5ra sk\u00e5despelare kan bidra till att ert projekt blir lika bra som era visioner och dr\u00f6mmar \u2013 och kanske till och med \u00e4nnu lite b\u00e4ttre.<\/p>\n\n\n\n<div class=\"wp-block-buttons is-layout-flex wp-block-buttons-is-layout-flex\">\n<div class=\"wp-block-button is-style-fill\"><a class=\"wp-block-button__link has-white-color has-text-color has-background\" href=\"https:\/\/hammarstromagency.com\/sv\/kontakta-oss\/\" style=\"border-radius:3px;background-color:#aa946e\">Kontakta oss<\/a><\/div>\n<\/div>\n","protected":false},"excerpt":{"rendered":"<p>Att anlita r\u00e4tt sk\u00e5despelare till r\u00e4tt roll \u00e4r avg\u00f6rande f\u00f6r hela produktionens utfall. Bakom de b\u00e4sta filmproduktionerna ligger alltid ett gediget arbete med casting och gott samarbete mellan producenter, sk\u00e5despelare, agenturer och alla andra led i produktionen som helhet. Men hur hittar man r\u00e4tt sk\u00e5despelare? Hur kan man vara s\u00e4ker p\u00e5 att det blir bra? [&hellip;]<\/p>\n","protected":false},"author":66,"featured_media":0,"parent":0,"menu_order":0,"comment_status":"closed","ping_status":"closed","template":"page-templates\/no-sidebar.php","meta":{"_acf_changed":false,"footnotes":""},"class_list":["post-38990","page","type-page","status-publish","hentry"],"acf":[],"yoast_head":"<!-- This site is optimized with the Yoast SEO plugin v27.4 - https:\/\/yoast.com\/product\/yoast-seo-wordpress\/ -->\n<title>Sk\u00e5despelaragentur - Hammarstrom agency<\/title>\n<meta name=\"robots\" content=\"index, follow, max-snippet:-1, max-image-preview:large, max-video-preview:-1\" \/>\n<link rel=\"canonical\" href=\"https:\/\/hammarstromagency.com\/sv\/skadespelaragentur\/\" \/>\n<meta property=\"og:locale\" content=\"sv_SE\" \/>\n<meta property=\"og:type\" content=\"article\" \/>\n<meta property=\"og:title\" content=\"Sk\u00e5despelaragentur - Hammarstrom agency\" \/>\n<meta property=\"og:description\" content=\"Att anlita r\u00e4tt sk\u00e5despelare till r\u00e4tt roll \u00e4r avg\u00f6rande f\u00f6r hela produktionens utfall. Bakom de b\u00e4sta filmproduktionerna ligger alltid ett gediget arbete med casting och gott samarbete mellan producenter, sk\u00e5despelare, agenturer och alla andra led i produktionen som helhet. Men hur hittar man r\u00e4tt sk\u00e5despelare? Hur kan man vara s\u00e4ker p\u00e5 att det blir bra? [&hellip;]\" \/>\n<meta property=\"og:url\" content=\"https:\/\/hammarstromagency.com\/sv\/skadespelaragentur\/\" \/>\n<meta property=\"og:site_name\" content=\"Hammarstrom agency\" \/>\n<meta property=\"article:publisher\" content=\"https:\/\/www.facebook.com\/Hammarstromagency\" \/>\n<meta property=\"article:modified_time\" content=\"2022-11-28T09:29:42+00:00\" \/>\n<meta property=\"og:image\" content=\"https:\/\/hammarstromagency.com\/wp-content\/uploads\/2018\/07\/cropped-Facebook-profilbild-HAMMARSTROM-AGENCY_LOGO_2017.jpg\" \/>\n\t<meta property=\"og:image:width\" content=\"512\" \/>\n\t<meta property=\"og:image:height\" content=\"512\" \/>\n\t<meta property=\"og:image:type\" content=\"image\/jpeg\" \/>\n<meta name=\"twitter:card\" content=\"summary_large_image\" \/>\n<meta name=\"twitter:label1\" content=\"Ber\u00e4knad l\u00e4stid\" \/>\n\t<meta name=\"twitter:data1\" content=\"1 minut\" \/>\n<script type=\"application\/ld+json\" class=\"yoast-schema-graph\">{\"@context\":\"https:\\\/\\\/schema.org\",\"@graph\":[{\"@type\":\"WebPage\",\"@id\":\"https:\\\/\\\/hammarstromagency.com\\\/sv\\\/skadespelaragentur\\\/\",\"url\":\"https:\\\/\\\/hammarstromagency.com\\\/sv\\\/skadespelaragentur\\\/\",\"name\":\"Sk\u00e5despelaragentur - Hammarstrom agency\",\"isPartOf\":{\"@id\":\"https:\\\/\\\/hammarstromagency.com\\\/#website\"},\"datePublished\":\"2022-11-28T08:10:06+00:00\",\"dateModified\":\"2022-11-28T09:29:42+00:00\",\"breadcrumb\":{\"@id\":\"https:\\\/\\\/hammarstromagency.com\\\/sv\\\/skadespelaragentur\\\/#breadcrumb\"},\"inLanguage\":\"sv-SE\",\"potentialAction\":[{\"@type\":\"ReadAction\",\"target\":[\"https:\\\/\\\/hammarstromagency.com\\\/sv\\\/skadespelaragentur\\\/\"]}]},{\"@type\":\"BreadcrumbList\",\"@id\":\"https:\\\/\\\/hammarstromagency.com\\\/sv\\\/skadespelaragentur\\\/#breadcrumb\",\"itemListElement\":[{\"@type\":\"ListItem\",\"position\":1,\"name\":\"Hem\",\"item\":\"https:\\\/\\\/hammarstromagency.com\\\/sv\\\/\"},{\"@type\":\"ListItem\",\"position\":2,\"name\":\"Sk\u00e5despelaragentur\"}]},{\"@type\":\"WebSite\",\"@id\":\"https:\\\/\\\/hammarstromagency.com\\\/#website\",\"url\":\"https:\\\/\\\/hammarstromagency.com\\\/\",\"name\":\"Hammarstrom agency\",\"description\":\"Hammarstrom agency\",\"publisher\":{\"@id\":\"https:\\\/\\\/hammarstromagency.com\\\/#organization\"},\"potentialAction\":[{\"@type\":\"SearchAction\",\"target\":{\"@type\":\"EntryPoint\",\"urlTemplate\":\"https:\\\/\\\/hammarstromagency.com\\\/?s={search_term_string}\"},\"query-input\":{\"@type\":\"PropertyValueSpecification\",\"valueRequired\":true,\"valueName\":\"search_term_string\"}}],\"inLanguage\":\"sv-SE\"},{\"@type\":\"Organization\",\"@id\":\"https:\\\/\\\/hammarstromagency.com\\\/#organization\",\"name\":\"Hammarstrom agency\",\"url\":\"https:\\\/\\\/hammarstromagency.com\\\/\",\"logo\":{\"@type\":\"ImageObject\",\"inLanguage\":\"sv-SE\",\"@id\":\"https:\\\/\\\/hammarstromagency.com\\\/#\\\/schema\\\/logo\\\/image\\\/\",\"url\":\"https:\\\/\\\/hammarstromagency.com\\\/wp-content\\\/uploads\\\/2020\\\/09\\\/ha-logo-black-gold-1.svg\",\"contentUrl\":\"https:\\\/\\\/hammarstromagency.com\\\/wp-content\\\/uploads\\\/2020\\\/09\\\/ha-logo-black-gold-1.svg\",\"width\":659,\"height\":137,\"caption\":\"Hammarstrom agency\"},\"image\":{\"@id\":\"https:\\\/\\\/hammarstromagency.com\\\/#\\\/schema\\\/logo\\\/image\\\/\"},\"sameAs\":[\"https:\\\/\\\/www.facebook.com\\\/Hammarstromagency\"]}]}<\/script>\n<!-- \/ Yoast SEO plugin. -->","yoast_head_json":{"title":"Sk\u00e5despelaragentur - Hammarstrom agency","robots":{"index":"index","follow":"follow","max-snippet":"max-snippet:-1","max-image-preview":"max-image-preview:large","max-video-preview":"max-video-preview:-1"},"canonical":"https:\/\/hammarstromagency.com\/sv\/skadespelaragentur\/","og_locale":"sv_SE","og_type":"article","og_title":"Sk\u00e5despelaragentur - Hammarstrom agency","og_description":"Att anlita r\u00e4tt sk\u00e5despelare till r\u00e4tt roll \u00e4r avg\u00f6rande f\u00f6r hela produktionens utfall. Bakom de b\u00e4sta filmproduktionerna ligger alltid ett gediget arbete med casting och gott samarbete mellan producenter, sk\u00e5despelare, agenturer och alla andra led i produktionen som helhet. Men hur hittar man r\u00e4tt sk\u00e5despelare? Hur kan man vara s\u00e4ker p\u00e5 att det blir bra? [&hellip;]","og_url":"https:\/\/hammarstromagency.com\/sv\/skadespelaragentur\/","og_site_name":"Hammarstrom agency","article_publisher":"https:\/\/www.facebook.com\/Hammarstromagency","article_modified_time":"2022-11-28T09:29:42+00:00","og_image":[{"width":512,"height":512,"url":"https:\/\/hammarstromagency.com\/wp-content\/uploads\/2018\/07\/cropped-Facebook-profilbild-HAMMARSTROM-AGENCY_LOGO_2017.jpg","type":"image\/jpeg"}],"twitter_card":"summary_large_image","twitter_misc":{"Ber\u00e4knad l\u00e4stid":"1 minut"},"schema":{"@context":"https:\/\/schema.org","@graph":[{"@type":"WebPage","@id":"https:\/\/hammarstromagency.com\/sv\/skadespelaragentur\/","url":"https:\/\/hammarstromagency.com\/sv\/skadespelaragentur\/","name":"Sk\u00e5despelaragentur - Hammarstrom agency","isPartOf":{"@id":"https:\/\/hammarstromagency.com\/#website"},"datePublished":"2022-11-28T08:10:06+00:00","dateModified":"2022-11-28T09:29:42+00:00","breadcrumb":{"@id":"https:\/\/hammarstromagency.com\/sv\/skadespelaragentur\/#breadcrumb"},"inLanguage":"sv-SE","potentialAction":[{"@type":"ReadAction","target":["https:\/\/hammarstromagency.com\/sv\/skadespelaragentur\/"]}]},{"@type":"BreadcrumbList","@id":"https:\/\/hammarstromagency.com\/sv\/skadespelaragentur\/#breadcrumb","itemListElement":[{"@type":"ListItem","position":1,"name":"Hem","item":"https:\/\/hammarstromagency.com\/sv\/"},{"@type":"ListItem","position":2,"name":"Sk\u00e5despelaragentur"}]},{"@type":"WebSite","@id":"https:\/\/hammarstromagency.com\/#website","url":"https:\/\/hammarstromagency.com\/","name":"Hammarstrom agency","description":"Hammarstrom agency","publisher":{"@id":"https:\/\/hammarstromagency.com\/#organization"},"potentialAction":[{"@type":"SearchAction","target":{"@type":"EntryPoint","urlTemplate":"https:\/\/hammarstromagency.com\/?s={search_term_string}"},"query-input":{"@type":"PropertyValueSpecification","valueRequired":true,"valueName":"search_term_string"}}],"inLanguage":"sv-SE"},{"@type":"Organization","@id":"https:\/\/hammarstromagency.com\/#organization","name":"Hammarstrom agency","url":"https:\/\/hammarstromagency.com\/","logo":{"@type":"ImageObject","inLanguage":"sv-SE","@id":"https:\/\/hammarstromagency.com\/#\/schema\/logo\/image\/","url":"https:\/\/hammarstromagency.com\/wp-content\/uploads\/2020\/09\/ha-logo-black-gold-1.svg","contentUrl":"https:\/\/hammarstromagency.com\/wp-content\/uploads\/2020\/09\/ha-logo-black-gold-1.svg","width":659,"height":137,"caption":"Hammarstrom agency"},"image":{"@id":"https:\/\/hammarstromagency.com\/#\/schema\/logo\/image\/"},"sameAs":["https:\/\/www.facebook.com\/Hammarstromagency"]}]}},"_links":{"self":[{"href":"https:\/\/hammarstromagency.com\/sv\/wp-json\/wp\/v2\/pages\/38990","targetHints":{"allow":["GET"]}}],"collection":[{"href":"https:\/\/hammarstromagency.com\/sv\/wp-json\/wp\/v2\/pages"}],"about":[{"href":"https:\/\/hammarstromagency.com\/sv\/wp-json\/wp\/v2\/types\/page"}],"author":[{"embeddable":true,"href":"https:\/\/hammarstromagency.com\/sv\/wp-json\/wp\/v2\/users\/66"}],"replies":[{"embeddable":true,"href":"https:\/\/hammarstromagency.com\/sv\/wp-json\/wp\/v2\/comments?post=38990"}],"version-history":[{"count":0,"href":"https:\/\/hammarstromagency.com\/sv\/wp-json\/wp\/v2\/pages\/38990\/revisions"}],"wp:attachment":[{"href":"https:\/\/hammarstromagency.com\/sv\/wp-json\/wp\/v2\/media?parent=38990"}],"curies":[{"name":"wp","href":"https:\/\/api.w.org\/{rel}","templated":true}]}}