{"id":38996,"date":"2022-11-28T08:12:00","date_gmt":"2022-11-28T08:12:00","guid":{"rendered":"https:\/\/hammarstromagency.com\/?page_id=38996"},"modified":"2022-11-28T14:40:19","modified_gmt":"2022-11-28T14:40:19","slug":"skadespelare-till-reklam","status":"publish","type":"page","link":"https:\/\/hammarstromagency.com\/sv\/skadespelare-till-reklam\/","title":{"rendered":"Sk\u00e5despelare till reklam"},"content":{"rendered":"\n<p>N\u00e4r man castar sk\u00e5despelare till reklam s\u00f6ker man ibland andra saker \u00e4n de man letar efter n\u00e4r man rolls\u00e4tter en l\u00e5ngfilm \u2013 och \u00e4nnu st\u00f6rre blir skillnaden n\u00e4r man j\u00e4mf\u00f6r med exempelvis r\u00f6stsk\u00e5despeleri.&nbsp;<\/p>\n\n\n\n<p>I en reklamfilm handlar det i grund och botten om att exponera varan, tj\u00e4nsten eller varum\u00e4rket p\u00e5 ett s\u00e5 effektivt s\u00e4tt som m\u00f6jligt under relativt kort tid. D\u00e4rf\u00f6r blir sk\u00e5despelarens kunskap inom mimik av stort v\u00e4rde. Att le brett eller se ledsen ut kan de flesta av oss g\u00f6ra ganska trov\u00e4rdigt p\u00e5 en handv\u00e4ndning, men att f\u00f6rmedla ett brett k\u00e4nslospektrum och samtidigt g\u00f6ra det med finess och utan att det blir f\u00f6r uppenbart \u00e4r en konst. Mimik \u00e4r ansiktsuttryck, stora som sm\u00e5, som ber\u00e4ttar f\u00f6r \u00e5sk\u00e5daren vad sk\u00e5despelaren k\u00e4nner \u2013 men kan \u00e4ven handla om gester och kroppsh\u00e5llning. Just i reklam blir mimiken extra viktigt, d\u00e5 sk\u00e5despelaren inte alltid ens har m\u00f6jlighet att anv\u00e4nda sig av ord, och i vissa fall syns endast ansiktet.&nbsp;<\/p>\n\n\n\n<p>V\u00e5ra sk\u00e5despelare till reklam \u00e4r v\u00e4lutbildade och erfarna, och tillsammans med oss kan vi garantera en genomg\u00e5ende bra upplevelse f\u00f6r dig som uppdragsgivare. Har ni fr\u00e5gor eller \u00e4r intresserad av att boka n\u00e5gon av v\u00e5ra sk\u00e5despelare f\u00f6r en reklamfilmsinspelning \u2013 kontakta oss s\u00e5 tittar vi tillsammans p\u00e5 era behov och ser hur vi p\u00e5 b\u00e4sta s\u00e4tt kan t\u00e4cka dessa!<\/p>\n\n\n\n<div class=\"wp-block-buttons is-layout-flex wp-block-buttons-is-layout-flex\">\n<div class=\"wp-block-button is-style-fill\"><a class=\"wp-block-button__link has-white-color has-text-color has-background\" href=\"https:\/\/hammarstromagency.com\/sv\/kontakta-oss\/\" style=\"border-radius:3px;background-color:#aa946e\">Kontakta oss<\/a><\/div>\n<\/div>\n","protected":false},"excerpt":{"rendered":"<p>N\u00e4r man castar sk\u00e5despelare till reklam s\u00f6ker man ibland andra saker \u00e4n de man letar efter n\u00e4r man rolls\u00e4tter en l\u00e5ngfilm \u2013 och \u00e4nnu st\u00f6rre blir skillnaden n\u00e4r man j\u00e4mf\u00f6r med exempelvis r\u00f6stsk\u00e5despeleri.&nbsp; I en reklamfilm handlar det i grund och botten om att exponera varan, tj\u00e4nsten eller varum\u00e4rket p\u00e5 ett s\u00e5 effektivt s\u00e4tt som [&hellip;]<\/p>\n","protected":false},"author":66,"featured_media":0,"parent":0,"menu_order":0,"comment_status":"closed","ping_status":"closed","template":"page-templates\/no-sidebar.php","meta":{"_acf_changed":false,"footnotes":""},"class_list":["post-38996","page","type-page","status-publish","hentry"],"acf":[],"yoast_head":"<!-- This site is optimized with the Yoast SEO plugin v27.5 - https:\/\/yoast.com\/product\/yoast-seo-wordpress\/ -->\n<title>Sk\u00e5despelare till reklam - Hammarstrom agency<\/title>\n<meta name=\"description\" content=\"V\u00e5ra sk\u00e5despelare till reklam \u00e4r v\u00e4lutbildade och erfarna, och vi garantera en bra upplevelse. Kontakta oss s\u00e5 tittar vi tillsammans p\u00e5 era behov!\" \/>\n<meta name=\"robots\" content=\"index, follow, max-snippet:-1, max-image-preview:large, max-video-preview:-1\" \/>\n<link rel=\"canonical\" href=\"https:\/\/hammarstromagency.com\/sv\/skadespelare-till-reklam\/\" \/>\n<meta property=\"og:locale\" content=\"sv_SE\" \/>\n<meta property=\"og:type\" content=\"article\" \/>\n<meta property=\"og:title\" content=\"Sk\u00e5despelare till reklam - Hammarstrom agency\" \/>\n<meta property=\"og:description\" content=\"V\u00e5ra sk\u00e5despelare till reklam \u00e4r v\u00e4lutbildade och erfarna, och vi garantera en bra upplevelse. Kontakta oss s\u00e5 tittar vi tillsammans p\u00e5 era behov!\" \/>\n<meta property=\"og:url\" content=\"https:\/\/hammarstromagency.com\/sv\/skadespelare-till-reklam\/\" \/>\n<meta property=\"og:site_name\" content=\"Hammarstrom agency\" \/>\n<meta property=\"article:publisher\" content=\"https:\/\/www.facebook.com\/Hammarstromagency\" \/>\n<meta property=\"article:modified_time\" content=\"2022-11-28T14:40:19+00:00\" \/>\n<meta property=\"og:image\" content=\"https:\/\/hammarstromagency.com\/wp-content\/uploads\/2018\/07\/cropped-Facebook-profilbild-HAMMARSTROM-AGENCY_LOGO_2017.jpg\" \/>\n\t<meta property=\"og:image:width\" content=\"512\" \/>\n\t<meta property=\"og:image:height\" content=\"512\" \/>\n\t<meta property=\"og:image:type\" content=\"image\/jpeg\" \/>\n<meta name=\"twitter:card\" content=\"summary_large_image\" \/>\n<meta name=\"twitter:label1\" content=\"Ber\u00e4knad l\u00e4stid\" \/>\n\t<meta name=\"twitter:data1\" content=\"1 minut\" \/>\n<script type=\"application\/ld+json\" class=\"yoast-schema-graph\">{\"@context\":\"https:\\\/\\\/schema.org\",\"@graph\":[{\"@type\":\"WebPage\",\"@id\":\"https:\\\/\\\/hammarstromagency.com\\\/sv\\\/skadespelare-till-reklam\\\/\",\"url\":\"https:\\\/\\\/hammarstromagency.com\\\/sv\\\/skadespelare-till-reklam\\\/\",\"name\":\"Sk\u00e5despelare till reklam - Hammarstrom agency\",\"isPartOf\":{\"@id\":\"https:\\\/\\\/hammarstromagency.com\\\/#website\"},\"datePublished\":\"2022-11-28T08:12:00+00:00\",\"dateModified\":\"2022-11-28T14:40:19+00:00\",\"description\":\"V\u00e5ra sk\u00e5despelare till reklam \u00e4r v\u00e4lutbildade och erfarna, och vi garantera en bra upplevelse. Kontakta oss s\u00e5 tittar vi tillsammans p\u00e5 era behov!\",\"breadcrumb\":{\"@id\":\"https:\\\/\\\/hammarstromagency.com\\\/sv\\\/skadespelare-till-reklam\\\/#breadcrumb\"},\"inLanguage\":\"sv-SE\",\"potentialAction\":[{\"@type\":\"ReadAction\",\"target\":[\"https:\\\/\\\/hammarstromagency.com\\\/sv\\\/skadespelare-till-reklam\\\/\"]}]},{\"@type\":\"BreadcrumbList\",\"@id\":\"https:\\\/\\\/hammarstromagency.com\\\/sv\\\/skadespelare-till-reklam\\\/#breadcrumb\",\"itemListElement\":[{\"@type\":\"ListItem\",\"position\":1,\"name\":\"Hem\",\"item\":\"https:\\\/\\\/hammarstromagency.com\\\/sv\\\/\"},{\"@type\":\"ListItem\",\"position\":2,\"name\":\"Sk\u00e5despelare till reklam\"}]},{\"@type\":\"WebSite\",\"@id\":\"https:\\\/\\\/hammarstromagency.com\\\/#website\",\"url\":\"https:\\\/\\\/hammarstromagency.com\\\/\",\"name\":\"Hammarstrom agency\",\"description\":\"Hammarstrom agency\",\"publisher\":{\"@id\":\"https:\\\/\\\/hammarstromagency.com\\\/#organization\"},\"potentialAction\":[{\"@type\":\"SearchAction\",\"target\":{\"@type\":\"EntryPoint\",\"urlTemplate\":\"https:\\\/\\\/hammarstromagency.com\\\/?s={search_term_string}\"},\"query-input\":{\"@type\":\"PropertyValueSpecification\",\"valueRequired\":true,\"valueName\":\"search_term_string\"}}],\"inLanguage\":\"sv-SE\"},{\"@type\":\"Organization\",\"@id\":\"https:\\\/\\\/hammarstromagency.com\\\/#organization\",\"name\":\"Hammarstrom agency\",\"url\":\"https:\\\/\\\/hammarstromagency.com\\\/\",\"logo\":{\"@type\":\"ImageObject\",\"inLanguage\":\"sv-SE\",\"@id\":\"https:\\\/\\\/hammarstromagency.com\\\/#\\\/schema\\\/logo\\\/image\\\/\",\"url\":\"https:\\\/\\\/hammarstromagency.com\\\/wp-content\\\/uploads\\\/2020\\\/09\\\/ha-logo-black-gold-1.svg\",\"contentUrl\":\"https:\\\/\\\/hammarstromagency.com\\\/wp-content\\\/uploads\\\/2020\\\/09\\\/ha-logo-black-gold-1.svg\",\"width\":659,\"height\":137,\"caption\":\"Hammarstrom agency\"},\"image\":{\"@id\":\"https:\\\/\\\/hammarstromagency.com\\\/#\\\/schema\\\/logo\\\/image\\\/\"},\"sameAs\":[\"https:\\\/\\\/www.facebook.com\\\/Hammarstromagency\"]}]}<\/script>\n<!-- \/ Yoast SEO plugin. -->","yoast_head_json":{"title":"Sk\u00e5despelare till reklam - Hammarstrom agency","description":"V\u00e5ra sk\u00e5despelare till reklam \u00e4r v\u00e4lutbildade och erfarna, och vi garantera en bra upplevelse. Kontakta oss s\u00e5 tittar vi tillsammans p\u00e5 era behov!","robots":{"index":"index","follow":"follow","max-snippet":"max-snippet:-1","max-image-preview":"max-image-preview:large","max-video-preview":"max-video-preview:-1"},"canonical":"https:\/\/hammarstromagency.com\/sv\/skadespelare-till-reklam\/","og_locale":"sv_SE","og_type":"article","og_title":"Sk\u00e5despelare till reklam - Hammarstrom agency","og_description":"V\u00e5ra sk\u00e5despelare till reklam \u00e4r v\u00e4lutbildade och erfarna, och vi garantera en bra upplevelse. Kontakta oss s\u00e5 tittar vi tillsammans p\u00e5 era behov!","og_url":"https:\/\/hammarstromagency.com\/sv\/skadespelare-till-reklam\/","og_site_name":"Hammarstrom agency","article_publisher":"https:\/\/www.facebook.com\/Hammarstromagency","article_modified_time":"2022-11-28T14:40:19+00:00","og_image":[{"width":512,"height":512,"url":"https:\/\/hammarstromagency.com\/wp-content\/uploads\/2018\/07\/cropped-Facebook-profilbild-HAMMARSTROM-AGENCY_LOGO_2017.jpg","type":"image\/jpeg"}],"twitter_card":"summary_large_image","twitter_misc":{"Ber\u00e4knad l\u00e4stid":"1 minut"},"schema":{"@context":"https:\/\/schema.org","@graph":[{"@type":"WebPage","@id":"https:\/\/hammarstromagency.com\/sv\/skadespelare-till-reklam\/","url":"https:\/\/hammarstromagency.com\/sv\/skadespelare-till-reklam\/","name":"Sk\u00e5despelare till reklam - Hammarstrom agency","isPartOf":{"@id":"https:\/\/hammarstromagency.com\/#website"},"datePublished":"2022-11-28T08:12:00+00:00","dateModified":"2022-11-28T14:40:19+00:00","description":"V\u00e5ra sk\u00e5despelare till reklam \u00e4r v\u00e4lutbildade och erfarna, och vi garantera en bra upplevelse. Kontakta oss s\u00e5 tittar vi tillsammans p\u00e5 era behov!","breadcrumb":{"@id":"https:\/\/hammarstromagency.com\/sv\/skadespelare-till-reklam\/#breadcrumb"},"inLanguage":"sv-SE","potentialAction":[{"@type":"ReadAction","target":["https:\/\/hammarstromagency.com\/sv\/skadespelare-till-reklam\/"]}]},{"@type":"BreadcrumbList","@id":"https:\/\/hammarstromagency.com\/sv\/skadespelare-till-reklam\/#breadcrumb","itemListElement":[{"@type":"ListItem","position":1,"name":"Hem","item":"https:\/\/hammarstromagency.com\/sv\/"},{"@type":"ListItem","position":2,"name":"Sk\u00e5despelare till reklam"}]},{"@type":"WebSite","@id":"https:\/\/hammarstromagency.com\/#website","url":"https:\/\/hammarstromagency.com\/","name":"Hammarstrom agency","description":"Hammarstrom agency","publisher":{"@id":"https:\/\/hammarstromagency.com\/#organization"},"potentialAction":[{"@type":"SearchAction","target":{"@type":"EntryPoint","urlTemplate":"https:\/\/hammarstromagency.com\/?s={search_term_string}"},"query-input":{"@type":"PropertyValueSpecification","valueRequired":true,"valueName":"search_term_string"}}],"inLanguage":"sv-SE"},{"@type":"Organization","@id":"https:\/\/hammarstromagency.com\/#organization","name":"Hammarstrom agency","url":"https:\/\/hammarstromagency.com\/","logo":{"@type":"ImageObject","inLanguage":"sv-SE","@id":"https:\/\/hammarstromagency.com\/#\/schema\/logo\/image\/","url":"https:\/\/hammarstromagency.com\/wp-content\/uploads\/2020\/09\/ha-logo-black-gold-1.svg","contentUrl":"https:\/\/hammarstromagency.com\/wp-content\/uploads\/2020\/09\/ha-logo-black-gold-1.svg","width":659,"height":137,"caption":"Hammarstrom agency"},"image":{"@id":"https:\/\/hammarstromagency.com\/#\/schema\/logo\/image\/"},"sameAs":["https:\/\/www.facebook.com\/Hammarstromagency"]}]}},"_links":{"self":[{"href":"https:\/\/hammarstromagency.com\/sv\/wp-json\/wp\/v2\/pages\/38996","targetHints":{"allow":["GET"]}}],"collection":[{"href":"https:\/\/hammarstromagency.com\/sv\/wp-json\/wp\/v2\/pages"}],"about":[{"href":"https:\/\/hammarstromagency.com\/sv\/wp-json\/wp\/v2\/types\/page"}],"author":[{"embeddable":true,"href":"https:\/\/hammarstromagency.com\/sv\/wp-json\/wp\/v2\/users\/66"}],"replies":[{"embeddable":true,"href":"https:\/\/hammarstromagency.com\/sv\/wp-json\/wp\/v2\/comments?post=38996"}],"version-history":[{"count":0,"href":"https:\/\/hammarstromagency.com\/sv\/wp-json\/wp\/v2\/pages\/38996\/revisions"}],"wp:attachment":[{"href":"https:\/\/hammarstromagency.com\/sv\/wp-json\/wp\/v2\/media?parent=38996"}],"curies":[{"name":"wp","href":"https:\/\/api.w.org\/{rel}","templated":true}]}}